{"id":3354,"date":"2020-04-09T10:53:33","date_gmt":"2020-04-09T08:53:33","guid":{"rendered":"https:\/\/perangua.com\/?page_id=3354"},"modified":"2020-08-19T00:00:06","modified_gmt":"2020-08-18T22:00:06","slug":"legal-notices","status":"publish","type":"page","link":"https:\/\/perangua.com\/es\/legal-notices\/","title":{"rendered":"Avisos legales"},"content":{"rendered":"<h1 class=\"wp-block-heading\" style=\"text-align: center;\">AVISOS LEGALES<\/h1>\r\n<p style=\"text-align: center;\">De conformidad con las disposiciones de los art\u00edculos 6-III y 19 de la Ley n \u00b0 2004-575 del 21 de junio de 2004 para la confianza en la econom\u00eda digital, conocida como LCEN, estos avisos legales se se\u00f1alan a los usuarios del sitio.<\/p>\r\n<p style=\"text-align: center;\">La conexi\u00f3n y navegaci\u00f3n en el sitio de Perangua (www.perangua.com) por parte del Usuario implica la aceptaci\u00f3n plena y sin reservas de estos avisos legales.<\/p>\r\n<p style=\"text-align: center;\">Estos est\u00e1n disponibles en el sitio bajo el t\u00edtulo &quot;Avisos legales&quot;.<\/p>\r\n<h2><br \/>ART\u00cdCULO 1: Identificaci\u00f3n del editor del sitio web www.perangua.com<\/h2>\r\n<p>La edici\u00f3n y gesti\u00f3n de publicaciones del sitio www.perangua.com son proporcionadas por su representante como se detalla a continuaci\u00f3n:<\/p>\r\n<p>RED PERANGUA<br \/>Correo electr\u00f3nico: contact@perangua.com<\/p>\r\n<p>&nbsp;<\/p>\r\n<h2>ART\u00cdCULO 2: Identificaci\u00f3n del host del sitio web www.perangua.com<\/h2>\r\n<p>El alojamiento del sitio www.perangua.com es proporcionado por la empresa OVH SA como se detalla a continuaci\u00f3n:<\/p>\r\n<p>OVH<br \/>SAS con un capital de \u20ac 10,069,020<br \/>RCS Lille M\u00e9tropole 424 761 419 00045<br \/>C\u00f3digo APE 2620Z<br \/>N\u00famero de IVA: FR 22 424 761 419<br \/>Sede: 2 rue Kellermann - 59100 Roubaix - Francia<\/p>\r\n<p>&nbsp;<\/p>\r\n<h2>ART\u00cdCULO 3: Acceso al sitio web www.perangua.com<\/h2>\r\n<p>Se puede acceder al sitio desde cualquier lugar, los 7 d\u00edas de la semana, las 24 horas, excepto en casos de fuerza mayor, interrupci\u00f3n programada o no programada y que pueden surgir por la necesidad de mantenimiento.<\/p>\r\n<p>En caso de modificaci\u00f3n, interrupci\u00f3n o suspensi\u00f3n de los servicios, el sitio www.perangua.com no se hace responsable.<\/p>\r\n<p>&nbsp;<\/p>\r\n<h2>ART\u00cdCULO 4: Recolecci\u00f3n de datos<\/h2>\r\n<p>El sitio proporciona al Usuario la recopilaci\u00f3n y el procesamiento de informaci\u00f3n personal con respecto a la privacidad de conformidad con la Ley N\u00fam. 78-17 del 6 de enero de 1978 relativa al procesamiento de datos, archivos y libertades.<\/p>\r\n<p>En virtud de la Ley de Protecci\u00f3n de Datos, de fecha 6 de enero de 1978, el Usuario tiene derecho a acceder, rectificar, eliminar y oponerse a sus datos personales. El usuario ejerce este derecho por correo electr\u00f3nico a contact@perangua.com.<\/p>\r\n<p>&nbsp;<\/p>\r\n<h2>ART\u00cdCULO 5: Cookies<\/h2>\r\n<p>Se informa al Usuario que durante sus visitas al sitio, se puede instalar autom\u00e1ticamente una cookie en el software de su navegador.<\/p>\r\n<p>Al navegar por el sitio, los acepta.<\/p>\r\n<p>Una cookie es un elemento que no identifica al Usuario pero que se utiliza para registrar informaci\u00f3n relacionada con su navegaci\u00f3n en el sitio web. El usuario puede desactivar esta cookie a trav\u00e9s de los par\u00e1metros que aparecen en el software de su navegador.<\/p>\r\n<p>&nbsp;<\/p>\r\n<h2>ART\u00cdCULO 6: Propiedad intelectual<\/h2>\r\n<p>Cualquier uso, reproducci\u00f3n, distribuci\u00f3n, comercializaci\u00f3n, modificaci\u00f3n de todo o parte del sitio www.perangua.com, sin el permiso del Editor, est\u00e1 prohibido y puede dar lugar a acciones legales y acciones judiciales, seg\u00fan lo dispuesto en particular por el C\u00f3digo de Propiedad Intelectual y el C\u00f3digo Civil.<\/p>\r\n<p>&nbsp;<\/p>\r\n<h2>ART\u00cdCULO 7: Responsabilidad<\/h2>\r\n<p>Los enlaces de hipertexto presentes en el sitio www.perangua.com hacia otros sitios web u otro contenido presente en l\u00ednea, no pueden comprometer la responsabilidad del Editor del sitio web www.perangua.com.<\/p>\r\n<p>&nbsp;<\/p>\r\n<h2>ART\u00cdCULO 8: Actualizaci\u00f3n de avisos legales<\/h2>\r\n<p>Perangua se reserva el derecho de actualizar esta informaci\u00f3n legal en cualquier momento y sin previo aviso a los visitantes, dependiendo de la evoluci\u00f3n del contenido del sitio web y las regulaciones vigentes.<\/p>","protected":false},"excerpt":{"rendered":"<p>LEGAL NOTICES In accordance with the provisions of Articles 6-III and 19 of Law n \u00b0 2004-575 of June 21, 2004 for Confidence in the digital economy, known as L.C.E.N., these Legal notices are brought to the attention of Site Users. Connection and navigation on the Perangua site (www.perangua.com) by the User implies full and [&hellip;]<\/p>\n","protected":false},"author":2,"featured_media":0,"parent":0,"menu_order":0,"comment_status":"closed","ping_status":"open","template":"","meta":{"footnotes":""},"class_list":["post-3354","page","type-page","status-publish","hentry","no-img-post","blog-post"],"yoast_head":"<!-- This site is optimized with the Yoast SEO plugin v27.3 - https:\/\/yoast.com\/product\/yoast-seo-wordpress\/ -->\n<title>Legal notices | Perangua - Global network of local activists<\/title>\n<meta name=\"description\" content=\"Perangua is a global network of activists and volunteers with the main objective of saving nature and sustainable traditional livelihoods. Join us to discover campaigns from all over the world and get involved onsite or from home.\" \/>\n<meta name=\"robots\" content=\"index, follow, max-snippet:-1, max-image-preview:large, max-video-preview:-1\" \/>\n<link rel=\"canonical\" href=\"https:\/\/perangua.com\/es\/legal-notices\/\" \/>\n<meta property=\"og:locale\" content=\"es_ES\" \/>\n<meta property=\"og:type\" content=\"article\" \/>\n<meta property=\"og:title\" content=\"Legal notices | Perangua - Global network of local activists\" \/>\n<meta property=\"og:description\" content=\"Perangua is a global network of activists and volunteers with the main objective of saving nature and sustainable traditional livelihoods. Join us to discover campaigns from all over the world and get involved onsite or from home.\" \/>\n<meta property=\"og:url\" content=\"https:\/\/perangua.com\/es\/legal-notices\/\" \/>\n<meta property=\"og:site_name\" content=\"Perangua\" \/>\n<meta property=\"article:publisher\" content=\"https:\/\/www.facebook.com\/perangua\/\" \/>\n<meta property=\"article:modified_time\" content=\"2020-08-18T22:00:06+00:00\" \/>\n<meta property=\"og:image\" content=\"https:\/\/i0.wp.com\/perangua.com\/wp-content\/uploads\/2020\/04\/Perangua_FB_cover.jpg?fit=1656%2C630&ssl=1\" \/>\n\t<meta property=\"og:image:width\" content=\"1656\" \/>\n\t<meta property=\"og:image:height\" content=\"630\" \/>\n\t<meta property=\"og:image:type\" content=\"image\/jpeg\" \/>\n<meta name=\"twitter:label1\" content=\"Tiempo de lectura\" \/>\n\t<meta name=\"twitter:data1\" content=\"2 minutos\" \/>\n<script type=\"application\/ld+json\" class=\"yoast-schema-graph\">{\"@context\":\"https:\\\/\\\/schema.org\",\"@graph\":[{\"@type\":\"WebPage\",\"@id\":\"https:\\\/\\\/perangua.com\\\/legal-notices\\\/\",\"url\":\"https:\\\/\\\/perangua.com\\\/legal-notices\\\/\",\"name\":\"Legal notices | Perangua - Global network of local activists\",\"isPartOf\":{\"@id\":\"https:\\\/\\\/perangua.com\\\/#website\"},\"datePublished\":\"2020-04-09T08:53:33+00:00\",\"dateModified\":\"2020-08-18T22:00:06+00:00\",\"description\":\"Perangua is a global network of activists and volunteers with the main objective of saving nature and sustainable traditional livelihoods. Join us to discover campaigns from all over the world and get involved onsite or from home.\",\"breadcrumb\":{\"@id\":\"https:\\\/\\\/perangua.com\\\/legal-notices\\\/#breadcrumb\"},\"inLanguage\":\"es\",\"potentialAction\":[{\"@type\":\"ReadAction\",\"target\":[\"https:\\\/\\\/perangua.com\\\/legal-notices\\\/\"]}]},{\"@type\":\"BreadcrumbList\",\"@id\":\"https:\\\/\\\/perangua.com\\\/legal-notices\\\/#breadcrumb\",\"itemListElement\":[{\"@type\":\"ListItem\",\"position\":1,\"name\":\"Home\",\"item\":\"https:\\\/\\\/perangua.com\\\/\"},{\"@type\":\"ListItem\",\"position\":2,\"name\":\"Legal notices\"}]},{\"@type\":\"WebSite\",\"@id\":\"https:\\\/\\\/perangua.com\\\/#website\",\"url\":\"https:\\\/\\\/perangua.com\\\/\",\"name\":\"Perangua\",\"description\":\"Global network of local activists\",\"publisher\":{\"@id\":\"https:\\\/\\\/perangua.com\\\/#organization\"},\"potentialAction\":[{\"@type\":\"SearchAction\",\"target\":{\"@type\":\"EntryPoint\",\"urlTemplate\":\"https:\\\/\\\/perangua.com\\\/?s={search_term_string}\"},\"query-input\":{\"@type\":\"PropertyValueSpecification\",\"valueRequired\":true,\"valueName\":\"search_term_string\"}}],\"inLanguage\":\"es\"},{\"@type\":\"Organization\",\"@id\":\"https:\\\/\\\/perangua.com\\\/#organization\",\"name\":\"Perangua - Global network of local activists\",\"url\":\"https:\\\/\\\/perangua.com\\\/\",\"logo\":{\"@type\":\"ImageObject\",\"inLanguage\":\"es\",\"@id\":\"https:\\\/\\\/perangua.com\\\/#\\\/schema\\\/logo\\\/image\\\/\",\"url\":\"http:\\\/\\\/perangua.com\\\/wp-content\\\/uploads\\\/2020\\\/01\\\/Favicon-Perangua.png\",\"contentUrl\":\"http:\\\/\\\/perangua.com\\\/wp-content\\\/uploads\\\/2020\\\/01\\\/Favicon-Perangua.png\",\"width\":512,\"height\":512,\"caption\":\"Perangua - Global network of local activists\"},\"image\":{\"@id\":\"https:\\\/\\\/perangua.com\\\/#\\\/schema\\\/logo\\\/image\\\/\"},\"sameAs\":[\"https:\\\/\\\/www.facebook.com\\\/perangua\\\/\",\"https:\\\/\\\/x.com\\\/perangua\",\"https:\\\/\\\/www.instagram.com\\\/perangua_network\\\/\",\"https:\\\/\\\/www.linkedin.com\\\/company\\\/perangua\"]}]}<\/script>\n<!-- \/ Yoast SEO plugin. -->","yoast_head_json":{"title":"Legal notices | Perangua - Global network of local activists","description":"Perangua is a global network of activists and volunteers with the main objective of saving nature and sustainable traditional livelihoods. Join us to discover campaigns from all over the world and get involved onsite or from home.","robots":{"index":"index","follow":"follow","max-snippet":"max-snippet:-1","max-image-preview":"max-image-preview:large","max-video-preview":"max-video-preview:-1"},"canonical":"https:\/\/perangua.com\/es\/legal-notices\/","og_locale":"es_ES","og_type":"article","og_title":"Legal notices | Perangua - Global network of local activists","og_description":"Perangua is a global network of activists and volunteers with the main objective of saving nature and sustainable traditional livelihoods. Join us to discover campaigns from all over the world and get involved onsite or from home.","og_url":"https:\/\/perangua.com\/es\/legal-notices\/","og_site_name":"Perangua","article_publisher":"https:\/\/www.facebook.com\/perangua\/","article_modified_time":"2020-08-18T22:00:06+00:00","og_image":[{"width":1656,"height":630,"url":"https:\/\/i0.wp.com\/perangua.com\/wp-content\/uploads\/2020\/04\/Perangua_FB_cover.jpg?fit=1656%2C630&ssl=1","type":"image\/jpeg"}],"twitter_misc":{"Tiempo de lectura":"2 minutos"},"schema":{"@context":"https:\/\/schema.org","@graph":[{"@type":"WebPage","@id":"https:\/\/perangua.com\/legal-notices\/","url":"https:\/\/perangua.com\/legal-notices\/","name":"Legal notices | Perangua - Global network of local activists","isPartOf":{"@id":"https:\/\/perangua.com\/#website"},"datePublished":"2020-04-09T08:53:33+00:00","dateModified":"2020-08-18T22:00:06+00:00","description":"Perangua is a global network of activists and volunteers with the main objective of saving nature and sustainable traditional livelihoods. Join us to discover campaigns from all over the world and get involved onsite or from home.","breadcrumb":{"@id":"https:\/\/perangua.com\/legal-notices\/#breadcrumb"},"inLanguage":"es","potentialAction":[{"@type":"ReadAction","target":["https:\/\/perangua.com\/legal-notices\/"]}]},{"@type":"BreadcrumbList","@id":"https:\/\/perangua.com\/legal-notices\/#breadcrumb","itemListElement":[{"@type":"ListItem","position":1,"name":"Home","item":"https:\/\/perangua.com\/"},{"@type":"ListItem","position":2,"name":"Legal notices"}]},{"@type":"WebSite","@id":"https:\/\/perangua.com\/#website","url":"https:\/\/perangua.com\/","name":"Perangua","description":"Red global de activistas locales","publisher":{"@id":"https:\/\/perangua.com\/#organization"},"potentialAction":[{"@type":"SearchAction","target":{"@type":"EntryPoint","urlTemplate":"https:\/\/perangua.com\/?s={search_term_string}"},"query-input":{"@type":"PropertyValueSpecification","valueRequired":true,"valueName":"search_term_string"}}],"inLanguage":"es"},{"@type":"Organization","@id":"https:\/\/perangua.com\/#organization","name":"Perangua - Red global de activistas locales","url":"https:\/\/perangua.com\/","logo":{"@type":"ImageObject","inLanguage":"es","@id":"https:\/\/perangua.com\/#\/schema\/logo\/image\/","url":"http:\/\/perangua.com\/wp-content\/uploads\/2020\/01\/Favicon-Perangua.png","contentUrl":"http:\/\/perangua.com\/wp-content\/uploads\/2020\/01\/Favicon-Perangua.png","width":512,"height":512,"caption":"Perangua - Global network of local activists"},"image":{"@id":"https:\/\/perangua.com\/#\/schema\/logo\/image\/"},"sameAs":["https:\/\/www.facebook.com\/perangua\/","https:\/\/x.com\/perangua","https:\/\/www.instagram.com\/perangua_network\/","https:\/\/www.linkedin.com\/company\/perangua"]}]}},"jetpack_sharing_enabled":true,"_links":{"self":[{"href":"https:\/\/perangua.com\/es\/wp-json\/wp\/v2\/pages\/3354","targetHints":{"allow":["GET"]}}],"collection":[{"href":"https:\/\/perangua.com\/es\/wp-json\/wp\/v2\/pages"}],"about":[{"href":"https:\/\/perangua.com\/es\/wp-json\/wp\/v2\/types\/page"}],"author":[{"embeddable":true,"href":"https:\/\/perangua.com\/es\/wp-json\/wp\/v2\/users\/2"}],"replies":[{"embeddable":true,"href":"https:\/\/perangua.com\/es\/wp-json\/wp\/v2\/comments?post=3354"}],"version-history":[{"count":3,"href":"https:\/\/perangua.com\/es\/wp-json\/wp\/v2\/pages\/3354\/revisions"}],"predecessor-version":[{"id":4006,"href":"https:\/\/perangua.com\/es\/wp-json\/wp\/v2\/pages\/3354\/revisions\/4006"}],"wp:attachment":[{"href":"https:\/\/perangua.com\/es\/wp-json\/wp\/v2\/media?parent=3354"}],"curies":[{"name":"wp","href":"https:\/\/api.w.org\/{rel}","templated":true}]}}